{"id":618,"date":"2025-03-13T15:58:42","date_gmt":"2025-03-13T21:58:42","guid":{"rendered":"https:\/\/bristellaircrafttexas.com\/?page_id=618"},"modified":"2025-03-19T09:26:32","modified_gmt":"2025-03-19T15:26:32","slug":"aiplane-interior","status":"publish","type":"page","link":"https:\/\/bristellaircrafttexas.com\/esp\/aiplane-interior\/","title":{"rendered":"Interiores del avi\u00f3n"},"content":{"rendered":"<div data-elementor-type=\"wp-page\" data-elementor-id=\"618\" class=\"elementor elementor-618\" data-elementor-post-type=\"page\">\n\t\t\t\t<div class=\"elementor-element elementor-element-ceab450 e-flex e-con-boxed e-con e-parent\" data-id=\"ceab450\" data-element_type=\"container\" data-settings=\"{&quot;background_background&quot;:&quot;classic&quot;}\">\n\t\t\t\t\t<div class=\"e-con-inner\">\n\t\t\t\t<div class=\"elementor-element elementor-element-4f6df8e elementor-widget elementor-widget-heading\" data-id=\"4f6df8e\" data-element_type=\"widget\" data-widget_type=\"heading.default\">\n\t\t\t\t<div class=\"elementor-widget-container\">\n\t\t\t\t\t<h2 class=\"elementor-heading-title elementor-size-default\">Interior\n<\/h2>\t\t\t\t<\/div>\n\t\t\t\t<\/div>\n\t\t\t\t\t<\/div>\n\t\t\t\t<\/div>\n\t\t<div class=\"elementor-element elementor-element-9a3f126 e-flex e-con-boxed e-con e-parent\" data-id=\"9a3f126\" data-element_type=\"container\">\n\t\t\t\t\t<div class=\"e-con-inner\">\n\t\t\t\t<div class=\"elementor-element elementor-element-3bf03bb elementor-widget elementor-widget-heading\" data-id=\"3bf03bb\" data-element_type=\"widget\" data-widget_type=\"heading.default\">\n\t\t\t\t<div class=\"elementor-widget-container\">\n\t\t\t\t\t<h3 class=\"elementor-heading-title elementor-size-default\">Los paneles de instrumentos\n<\/h3>\t\t\t\t<\/div>\n\t\t\t\t<\/div>\n\t\t<div class=\"elementor-element elementor-element-fa68668 e-con-full e-flex e-con e-child\" data-id=\"fa68668\" data-element_type=\"container\">\n\t\t\t\t<div class=\"elementor-element elementor-element-75d0a5b elementor-widget elementor-widget-image\" data-id=\"75d0a5b\" data-element_type=\"widget\" data-widget_type=\"image.default\">\n\t\t\t\t<div class=\"elementor-widget-container\">\n\t\t\t\t\t\t\t\t\t\t\t\t\t\t\t<img decoding=\"async\" src=\"https:\/\/www.bristell.com\/wp-content\/uploads\/2021\/02\/brmaero2102090002u-preview-1024x682.jpg\" title=\"\" alt=\"\" loading=\"lazy\" \/>\t\t\t\t\t\t\t\t\t\t\t\t\t\t\t<\/div>\n\t\t\t\t<\/div>\n\t\t\t\t<div class=\"elementor-element elementor-element-bd75486 elementor-widget elementor-widget-image\" data-id=\"bd75486\" data-element_type=\"widget\" data-widget_type=\"image.default\">\n\t\t\t\t<div class=\"elementor-widget-container\">\n\t\t\t\t\t\t\t\t\t\t\t\t\t\t\t<img decoding=\"async\" src=\"https:\/\/www.bristell.com\/wp-content\/uploads\/2021\/02\/brmaero2102090012u-preview-1024x682.jpg\" title=\"\" alt=\"\" loading=\"lazy\" \/>\t\t\t\t\t\t\t\t\t\t\t\t\t\t\t<\/div>\n\t\t\t\t<\/div>\n\t\t\t\t<div class=\"elementor-element elementor-element-d6968b1 elementor-widget elementor-widget-image\" data-id=\"d6968b1\" data-element_type=\"widget\" data-widget_type=\"image.default\">\n\t\t\t\t<div class=\"elementor-widget-container\">\n\t\t\t\t\t\t\t\t\t\t\t\t\t\t\t<img decoding=\"async\" src=\"https:\/\/www.bristell.com\/wp-content\/uploads\/2021\/02\/brmaero2102090008u-preview-1024x682.jpg\" title=\"\" alt=\"\" loading=\"lazy\" \/>\t\t\t\t\t\t\t\t\t\t\t\t\t\t\t<\/div>\n\t\t\t\t<\/div>\n\t\t\t\t<\/div>\n\t\t\t\t\t<\/div>\n\t\t\t\t<\/div>\n\t\t<div class=\"elementor-element elementor-element-aed16ed e-flex e-con-boxed e-con e-parent\" data-id=\"aed16ed\" data-element_type=\"container\">\n\t\t\t\t\t<div class=\"e-con-inner\">\n\t\t\t\t<div class=\"elementor-element elementor-element-1890d22 elementor-widget elementor-widget-heading\" data-id=\"1890d22\" data-element_type=\"widget\" data-widget_type=\"heading.default\">\n\t\t\t\t<div class=\"elementor-widget-container\">\n\t\t\t\t\t<h3 class=\"elementor-heading-title elementor-size-default\">Los paneles de instrumentos\n<\/h3>\t\t\t\t<\/div>\n\t\t\t\t<\/div>\n\t\t\t\t\t<\/div>\n\t\t\t\t<\/div>\n\t\t<div class=\"elementor-element elementor-element-c38a7ce e-flex e-con-boxed e-con e-parent\" data-id=\"c38a7ce\" data-element_type=\"container\">\n\t\t\t\t\t<div class=\"e-con-inner\">\n\t\t<div class=\"elementor-element elementor-element-c2b67f4 e-con-full e-flex e-con e-child\" data-id=\"c2b67f4\" data-element_type=\"container\" data-settings=\"{&quot;background_background&quot;:&quot;classic&quot;}\">\n\t\t\t\t<div class=\"elementor-element elementor-element-73af0cd elementor-widget elementor-widget-heading\" data-id=\"73af0cd\" data-element_type=\"widget\" data-widget_type=\"heading.default\">\n\t\t\t\t<div class=\"elementor-widget-container\">\n\t\t\t\t\t<h3 class=\"elementor-heading-title elementor-size-default\">hermoso y c\u00f3modo.\n<\/h3>\t\t\t\t<\/div>\n\t\t\t\t<\/div>\n\t\t\t\t<div class=\"elementor-element elementor-element-b88dc55 elementor-align-center elementor-widget elementor-widget-button\" data-id=\"b88dc55\" data-element_type=\"widget\" data-widget_type=\"button.default\">\n\t\t\t\t<div class=\"elementor-widget-container\">\n\t\t\t\t\t\t\t\t\t<div class=\"elementor-button-wrapper\">\n\t\t\t\t\t<a class=\"elementor-button elementor-button-link elementor-size-sm\" href=\"https:\/\/bristellaircrafttexas.com\/esp\/upholstery\/\">\n\t\t\t\t\t\t<span class=\"elementor-button-content-wrapper\">\n\t\t\t\t\t\t<span class=\"elementor-button-icon\">\n\t\t\t\t<svg aria-hidden=\"true\" class=\"e-font-icon-svg e-fas-angle-right\" viewbox=\"0 0 256 512\" xmlns=\"http:\/\/www.w3.org\/2000\/svg\"><path d=\"M224.3 273l-136 136c-9.4 9.4-24.6 9.4-33.9 0l-22.6-22.6c-9.4-9.4-9.4-24.6 0-33.9l96.4-96.4-96.4-96.4c-9.4-9.4-9.4-24.6 0-33.9L54.3 103c9.4-9.4 24.6-9.4 33.9 0l136 136c9.5 9.4 9.5 24.6.1 34z\"><\/path><\/svg>\t\t\t<\/span>\n\t\t\t\t\t\t\t\t\t<span class=\"elementor-button-text\">Ir a la tapicer\u00eda<\/span>\n\t\t\t\t\t<\/span>\n\t\t\t\t\t<\/a>\n\t\t\t\t<\/div>\n\t\t\t\t\t\t\t\t<\/div>\n\t\t\t\t<\/div>\n\t\t\t\t<\/div>\n\t\t\t\t\t<\/div>\n\t\t\t\t<\/div>\n\t\t<div class=\"elementor-element elementor-element-3269bad e-con-full e-flex e-con e-parent\" data-id=\"3269bad\" data-element_type=\"container\">\n\t\t\t\t<div class=\"elementor-element elementor-element-dfa73f2 elementor-widget elementor-widget-heading\" data-id=\"dfa73f2\" data-element_type=\"widget\" data-widget_type=\"heading.default\">\n\t\t\t\t<div class=\"elementor-widget-container\">\n\t\t\t\t\t<h3 class=\"elementor-heading-title elementor-size-default\">\u00daLTIMAS NOTICIAS DE BRISTELL\n<\/h3>\t\t\t\t<\/div>\n\t\t\t\t<\/div>\n\t\t\t\t<div class=\"elementor-element elementor-element-b4ef20b elementor-grid-4 elementor-posts--align-center elementor-grid-tablet-2 elementor-grid-mobile-1 elementor-posts--thumbnail-top elementor-card-shadow-yes elementor-posts__hover-gradient elementor-widget elementor-widget-posts\" data-id=\"b4ef20b\" data-element_type=\"widget\" data-settings=\"{&quot;cards_columns&quot;:&quot;4&quot;,&quot;cards_columns_tablet&quot;:&quot;2&quot;,&quot;cards_columns_mobile&quot;:&quot;1&quot;,&quot;cards_row_gap&quot;:{&quot;unit&quot;:&quot;px&quot;,&quot;size&quot;:35,&quot;sizes&quot;:[]},&quot;cards_row_gap_tablet&quot;:{&quot;unit&quot;:&quot;px&quot;,&quot;size&quot;:&quot;&quot;,&quot;sizes&quot;:[]},&quot;cards_row_gap_mobile&quot;:{&quot;unit&quot;:&quot;px&quot;,&quot;size&quot;:&quot;&quot;,&quot;sizes&quot;:[]}}\" data-widget_type=\"posts.cards\">\n\t\t\t\t<div class=\"elementor-widget-container\">\n\t\t\t\t\t\t\t<div class=\"elementor-posts-container elementor-posts elementor-posts--skin-cards elementor-grid\">\n\t\t\t\t<article class=\"elementor-post elementor-grid-item post-127 post type-post status-publish format-standard has-post-thumbnail hentry category-news category-news-media\">\n\t\t\t<div class=\"elementor-post__card\">\n\t\t\t\t<a class=\"elementor-post__thumbnail__link\" href=\"https:\/\/bristellaircrafttexas.com\/esp\/bristell-b23-912-is-shaping-the-future-of-general-aviation-with-efficiency-and-innovation\/\" tabindex=\"-1\" ><div class=\"elementor-post__thumbnail\"><img fetchpriority=\"high\" decoding=\"async\" width=\"1200\" height=\"800\" src=\"https:\/\/bristellaircrafttexas.com\/wp-content\/uploads\/2025\/03\/bristell-250218-b23-912is-06.jpg\" class=\"attachment-full size-full wp-image-133\" alt=\"\" srcset=\"https:\/\/bristellaircrafttexas.com\/wp-content\/uploads\/2025\/03\/bristell-250218-b23-912is-06.jpg 1200w, https:\/\/bristellaircrafttexas.com\/wp-content\/uploads\/2025\/03\/bristell-250218-b23-912is-06-300x200.jpg 300w, https:\/\/bristellaircrafttexas.com\/wp-content\/uploads\/2025\/03\/bristell-250218-b23-912is-06-1024x683.jpg 1024w, https:\/\/bristellaircrafttexas.com\/wp-content\/uploads\/2025\/03\/bristell-250218-b23-912is-06-768x512.jpg 768w\" sizes=\"(max-width: 1200px) 100vw, 1200px\" \/><\/div><\/a>\n\t\t\t\t<div class=\"elementor-post__badge\">Noticias<\/div>\n\t\t\t\t<div class=\"elementor-post__text\">\n\t\t\t\t<h3 class=\"elementor-post__title\">\n\t\t\t<a href=\"https:\/\/bristellaircrafttexas.com\/esp\/bristell-b23-912-is-shaping-the-future-of-general-aviation-with-efficiency-and-innovation\/\" >\n\t\t\t\tBristell B23-912 is: dando forma al Futuro de la Aviaci\u00f3n General con la Eficiencia y la Innovaci\u00f3n\t\t\t<\/a>\n\t\t<\/h3>\n\t\t\t\t<\/div>\n\t\t\t\t\t<\/div>\n\t\t<\/article>\n\t\t\t\t<article class=\"elementor-post elementor-grid-item post-202 post type-post status-publish format-standard has-post-thumbnail hentry category-news-media category-publications\">\n\t\t\t<div class=\"elementor-post__card\">\n\t\t\t\t<a class=\"elementor-post__thumbnail__link\" href=\"https:\/\/bristellaircrafttexas.com\/esp\/bristell-tdo-in-taildragger-form-the-superb-all-metal-sportsplane\/\" tabindex=\"-1\" ><div class=\"elementor-post__thumbnail\"><img decoding=\"async\" width=\"799\" height=\"1127\" src=\"https:\/\/bristellaircrafttexas.com\/wp-content\/uploads\/Proyecto-nuevo.webp\" class=\"attachment-full size-full wp-image-205\" alt=\"\" srcset=\"https:\/\/bristellaircrafttexas.com\/wp-content\/uploads\/Proyecto-nuevo.webp 799w, https:\/\/bristellaircrafttexas.com\/wp-content\/uploads\/Proyecto-nuevo-768x1083.webp 768w\" sizes=\"(max-width: 799px) 100vw, 799px\" \/><\/div><\/a>\n\t\t\t\t<div class=\"elementor-post__badge\">Noticias Y Medios<\/div>\n\t\t\t\t<div class=\"elementor-post__text\">\n\t\t\t\t<h3 class=\"elementor-post__title\">\n\t\t\t<a href=\"https:\/\/bristellaircrafttexas.com\/esp\/bristell-tdo-in-taildragger-form-the-superb-all-metal-sportsplane\/\" >\n\t\t\t\tBRISTELL TDO: En taildragger forma, el magn\u00edfico avi\u00f3n deportivo totalmente met\u00e1lico\t\t\t<\/a>\n\t\t<\/h3>\n\t\t\t\t<\/div>\n\t\t\t\t\t<\/div>\n\t\t<\/article>\n\t\t\t\t<article class=\"elementor-post elementor-grid-item post-196 post type-post status-publish format-standard has-post-thumbnail hentry category-news-media category-videos\">\n\t\t\t<div class=\"elementor-post__card\">\n\t\t\t\t<a class=\"elementor-post__thumbnail__link\" href=\"https:\/\/bristellaircrafttexas.com\/esp\/bristell-at-rotax-fly-in-2024\/\" tabindex=\"-1\" ><div class=\"elementor-post__thumbnail\"><img decoding=\"async\" width=\"1920\" height=\"800\" src=\"https:\/\/bristellaircrafttexas.com\/wp-content\/uploads\/bristell-blog-rotax-fly-in-2024-01.jpg\" class=\"attachment-full size-full wp-image-197\" alt=\"\" srcset=\"https:\/\/bristellaircrafttexas.com\/wp-content\/uploads\/bristell-blog-rotax-fly-in-2024-01.jpg 1920w, https:\/\/bristellaircrafttexas.com\/wp-content\/uploads\/bristell-blog-rotax-fly-in-2024-01-768x320.jpg 768w, https:\/\/bristellaircrafttexas.com\/wp-content\/uploads\/bristell-blog-rotax-fly-in-2024-01-1536x640.jpg 1536w\" sizes=\"(max-width: 1920px) 100vw, 1920px\" \/><\/div><\/a>\n\t\t\t\t<div class=\"elementor-post__badge\">Noticias Y Medios<\/div>\n\t\t\t\t<div class=\"elementor-post__text\">\n\t\t\t\t<h3 class=\"elementor-post__title\">\n\t\t\t<a href=\"https:\/\/bristellaircrafttexas.com\/esp\/bristell-at-rotax-fly-in-2024\/\" >\n\t\t\t\tBristell en el Rotax Fly-in 2024\t\t\t<\/a>\n\t\t<\/h3>\n\t\t\t\t<\/div>\n\t\t\t\t\t<\/div>\n\t\t<\/article>\n\t\t\t\t<article class=\"elementor-post elementor-grid-item post-185 post type-post status-publish format-standard has-post-thumbnail hentry category-news-media category-photogallery\">\n\t\t\t<div class=\"elementor-post__card\">\n\t\t\t\t<a class=\"elementor-post__thumbnail__link\" href=\"https:\/\/bristellaircrafttexas.com\/esp\/bristell-at-the-aero-friedrichshafen-2022\/\" tabindex=\"-1\" ><div class=\"elementor-post__thumbnail\"><img loading=\"lazy\" decoding=\"async\" width=\"1024\" height=\"684\" src=\"https:\/\/bristellaircrafttexas.com\/wp-content\/uploads\/brmaero2204300044us-1-1024x684-1.jpg\" class=\"attachment-full size-full wp-image-187\" alt=\"\" srcset=\"https:\/\/bristellaircrafttexas.com\/wp-content\/uploads\/brmaero2204300044us-1-1024x684-1.jpg 1024w, https:\/\/bristellaircrafttexas.com\/wp-content\/uploads\/brmaero2204300044us-1-1024x684-1-768x513.jpg 768w\" sizes=\"(max-width: 1024px) 100vw, 1024px\" \/><\/div><\/a>\n\t\t\t\t<div class=\"elementor-post__badge\">Noticias Y Medios<\/div>\n\t\t\t\t<div class=\"elementor-post__text\">\n\t\t\t\t<h3 class=\"elementor-post__title\">\n\t\t\t<a href=\"https:\/\/bristellaircrafttexas.com\/esp\/bristell-at-the-aero-friedrichshafen-2022\/\" >\n\t\t\t\tBRISTELL en el AERO Friedrichshafen 2022\t\t\t<\/a>\n\t\t<\/h3>\n\t\t\t\t<\/div>\n\t\t\t\t\t<\/div>\n\t\t<\/article>\n\t\t\t\t<\/div>\n\t\t\n\t\t\t\t\t\t<\/div>\n\t\t\t\t<\/div>\n\t\t\t\t<\/div>\n\t\t\t\t<\/div>","protected":false},"excerpt":{"rendered":"<p>Interior Instrument panels Instrument panels beautiful and comfortable. Go to upholstery LATEST BRISTELL NEWS<\/p>","protected":false},"author":1,"featured_media":0,"parent":0,"menu_order":0,"comment_status":"closed","ping_status":"closed","template":"","meta":{"footnotes":""},"class_list":["post-618","page","type-page","status-publish","hentry"],"_links":{"self":[{"href":"https:\/\/bristellaircrafttexas.com\/esp\/wp-json\/wp\/v2\/pages\/618","targetHints":{"allow":["GET"]}}],"collection":[{"href":"https:\/\/bristellaircrafttexas.com\/esp\/wp-json\/wp\/v2\/pages"}],"about":[{"href":"https:\/\/bristellaircrafttexas.com\/esp\/wp-json\/wp\/v2\/types\/page"}],"author":[{"embeddable":true,"href":"https:\/\/bristellaircrafttexas.com\/esp\/wp-json\/wp\/v2\/users\/1"}],"replies":[{"embeddable":true,"href":"https:\/\/bristellaircrafttexas.com\/esp\/wp-json\/wp\/v2\/comments?post=618"}],"version-history":[{"count":10,"href":"https:\/\/bristellaircrafttexas.com\/esp\/wp-json\/wp\/v2\/pages\/618\/revisions"}],"predecessor-version":[{"id":804,"href":"https:\/\/bristellaircrafttexas.com\/esp\/wp-json\/wp\/v2\/pages\/618\/revisions\/804"}],"wp:attachment":[{"href":"https:\/\/bristellaircrafttexas.com\/esp\/wp-json\/wp\/v2\/media?parent=618"}],"curies":[{"name":"wp","href":"https:\/\/api.w.org\/{rel}","templated":true}]}}