{"id":524,"date":"2025-03-13T14:37:47","date_gmt":"2025-03-13T20:37:47","guid":{"rendered":"https:\/\/bristellaircrafttexas.com\/?page_id=524"},"modified":"2025-03-19T09:26:54","modified_gmt":"2025-03-19T15:26:54","slug":"bristell-tdo","status":"publish","type":"page","link":"https:\/\/bristellaircrafttexas.com\/esp\/bristell-tdo\/","title":{"rendered":"BRISTELL TDO"},"content":{"rendered":"<div data-elementor-type=\"wp-page\" data-elementor-id=\"524\" class=\"elementor elementor-524\" data-elementor-post-type=\"page\">\n\t\t\t\t<div class=\"elementor-element elementor-element-4969334 e-flex e-con-boxed e-con e-parent\" data-id=\"4969334\" data-element_type=\"container\" data-settings=\"{&quot;background_background&quot;:&quot;classic&quot;}\">\n\t\t\t\t\t<div class=\"e-con-inner\">\n\t\t\t\t<div class=\"elementor-element elementor-element-1c49d12 elementor-widget elementor-widget-heading\" data-id=\"1c49d12\" data-element_type=\"widget\" data-widget_type=\"heading.default\">\n\t\t\t\t<div class=\"elementor-widget-container\">\n\t\t\t\t\t<h1 class=\"elementor-heading-title elementor-size-default\">BRISTELL TDO<\/h1>\t\t\t\t<\/div>\n\t\t\t\t<\/div>\n\t\t\t\t\t<\/div>\n\t\t\t\t<\/div>\n\t\t<div class=\"elementor-element elementor-element-1dd7dbd e-flex e-con-boxed e-con e-parent\" data-id=\"1dd7dbd\" data-element_type=\"container\" data-settings=\"{&quot;background_background&quot;:&quot;classic&quot;}\">\n\t\t\t\t\t<div class=\"e-con-inner\">\n\t\t<div class=\"elementor-element elementor-element-31eaad8 e-con-full e-flex e-con e-child\" data-id=\"31eaad8\" data-element_type=\"container\" data-settings=\"{&quot;background_background&quot;:&quot;classic&quot;}\">\n\t\t\t\t<div class=\"elementor-element elementor-element-c500d82 elementor-widget elementor-widget-text-editor\" data-id=\"c500d82\" data-element_type=\"widget\" data-widget_type=\"text-editor.default\">\n\t\t\t\t<div class=\"elementor-widget-container\">\n\t\t\t\t\t\t\t\t\t<p>BRISTELL TDO tiene una de la dos-rueda fija del engranaje del tren de aterrizaje con una rueda de cola \u2013 un ideal de avi\u00f3n para el vuelo de los aficionados. Gracias a la combinaci\u00f3n de la comodidad de un buen dise\u00f1o ergon\u00f3mico y la cabina m\u00e1s grande en su categor\u00eda, este avi\u00f3n es la opci\u00f3n ideal para recreo y tiempo de cross-country de vuelos.<\/p><p>En la configuraci\u00f3n est\u00e1ndar, el BRISTELL TDO est\u00e1 equipado con alta resistencia de largueros del ala, haciendo cross-country vuelos mucho m\u00e1s seguro en condiciones clim\u00e1ticas extremas. Los clientes apreciar\u00e1n la facilidad de uso y una mayor velocidad de crucero en comparaci\u00f3n con BRISTELL Cl\u00e1sico.<\/p>\t\t\t\t\t\t\t\t<\/div>\n\t\t\t\t<\/div>\n\t\t\t\t<\/div>\n\t\t\t\t\t<\/div>\n\t\t\t\t<\/div>\n\t\t<div class=\"elementor-element elementor-element-83420c3 e-flex e-con-boxed e-con e-parent\" data-id=\"83420c3\" data-element_type=\"container\" data-settings=\"{&quot;background_background&quot;:&quot;classic&quot;}\">\n\t\t\t\t\t<div class=\"e-con-inner\">\n\t\t<div class=\"elementor-element elementor-element-8e1c8c1 e-con-full e-flex e-con e-child\" data-id=\"8e1c8c1\" data-element_type=\"container\" data-settings=\"{&quot;background_background&quot;:&quot;classic&quot;}\">\n\t\t\t\t<div class=\"elementor-element elementor-element-951a727 elementor-widget elementor-widget-video\" data-id=\"951a727\" data-element_type=\"widget\" data-settings=\"{&quot;youtube_url&quot;:&quot;https:\\\/\\\/www.youtube.com\\\/watch?v=BjTHOc7MO2I&quot;,&quot;video_type&quot;:&quot;youtube&quot;,&quot;controls&quot;:&quot;yes&quot;}\" data-widget_type=\"video.default\">\n\t\t\t\t<div class=\"elementor-widget-container\">\n\t\t\t\t\t\t\t<div class=\"elementor-wrapper elementor-open-inline\">\n\t\t\t<div class=\"elementor-video\"><\/div>\t\t<\/div>\n\t\t\t\t\t\t<\/div>\n\t\t\t\t<\/div>\n\t\t\t\t<\/div>\n\t\t<div class=\"elementor-element elementor-element-b7e6129 e-con-full e-flex e-con e-child\" data-id=\"b7e6129\" data-element_type=\"container\">\n\t\t\t\t<div class=\"elementor-element elementor-element-cfa59e4 elementor-widget elementor-widget-video\" data-id=\"cfa59e4\" data-element_type=\"widget\" data-settings=\"{&quot;youtube_url&quot;:&quot;https:\\\/\\\/www.youtube.com\\\/watch?v=uBfZJDnl6Q4&quot;,&quot;video_type&quot;:&quot;youtube&quot;,&quot;controls&quot;:&quot;yes&quot;}\" data-widget_type=\"video.default\">\n\t\t\t\t<div class=\"elementor-widget-container\">\n\t\t\t\t\t\t\t<div class=\"elementor-wrapper elementor-open-inline\">\n\t\t\t<div class=\"elementor-video\"><\/div>\t\t<\/div>\n\t\t\t\t\t\t<\/div>\n\t\t\t\t<\/div>\n\t\t\t\t<\/div>\n\t\t\t\t\t<\/div>\n\t\t\t\t<\/div>\n\t\t<div class=\"elementor-element elementor-element-a74bbd2 e-flex e-con-boxed e-con e-parent\" data-id=\"a74bbd2\" data-element_type=\"container\">\n\t\t\t\t\t<div class=\"e-con-inner\">\n\t\t\t\t<div class=\"elementor-element elementor-element-fe85a44 elementor-widget elementor-widget-heading\" data-id=\"fe85a44\" data-element_type=\"widget\" data-widget_type=\"heading.default\">\n\t\t\t\t<div class=\"elementor-widget-container\">\n\t\t\t\t\t<h3 class=\"elementor-heading-title elementor-size-default\">BRISTELL TDO fotogaler\u00eda\n<\/h3>\t\t\t\t<\/div>\n\t\t\t\t<\/div>\n\t\t\t\t<div class=\"elementor-element elementor-element-1e0a3e8 elementor-widget elementor-widget-gallery\" data-id=\"1e0a3e8\" data-element_type=\"widget\" data-settings=\"{&quot;gallery_layout&quot;:&quot;masonry&quot;,&quot;columns&quot;:2,&quot;columns_mobile&quot;:2,&quot;gap&quot;:{&quot;unit&quot;:&quot;px&quot;,&quot;size&quot;:1,&quot;sizes&quot;:[]},&quot;gap_mobile&quot;:{&quot;unit&quot;:&quot;px&quot;,&quot;size&quot;:1,&quot;sizes&quot;:[]},&quot;lazyload&quot;:&quot;yes&quot;,&quot;columns_tablet&quot;:2,&quot;gap_tablet&quot;:{&quot;unit&quot;:&quot;px&quot;,&quot;size&quot;:10,&quot;sizes&quot;:[]},&quot;link_to&quot;:&quot;file&quot;,&quot;content_hover_animation&quot;:&quot;fade-in&quot;}\" data-widget_type=\"gallery.default\">\n\t\t\t\t<div class=\"elementor-widget-container\">\n\t\t\t\t\t\t\t<div class=\"elementor-gallery__container\">\n\t\t\t\t\t\t\t<a class=\"e-gallery-item elementor-gallery-item elementor-animated-content\" href=\"https:\/\/bristellaircrafttexas.com\/wp-content\/uploads\/Bristell_TDO_Alaskan_wheels-us-tb.jpg\" data-elementor-open-lightbox=\"yes\" data-elementor-lightbox-slideshow=\"1e0a3e8\" data-elementor-lightbox-title=\"Bristell_TDO_Alaskan_wheels-us-tb\" data-e-action-hash=\"#elementor-action%3Aaction%3Dlightbox%26settings%3DeyJpZCI6NTI2LCJ1cmwiOiJodHRwczpcL1wvYnJpc3RlbGxhaXJjcmFmdHRleGFzLmNvbVwvd3AtY29udGVudFwvdXBsb2Fkc1wvQnJpc3RlbGxfVERPX0FsYXNrYW5fd2hlZWxzLXVzLXRiLmpwZyIsInNsaWRlc2hvdyI6IjFlMGEzZTgifQ%3D%3D\">\n\t\t\t\t\t<div class=\"e-gallery-image elementor-gallery-item__image\" data-thumbnail=\"https:\/\/bristellaircrafttexas.com\/wp-content\/uploads\/Bristell_TDO_Alaskan_wheels-us-tb.jpg\" data-width=\"830\" data-height=\"553\" aria-label=\"\" role=\"img\" ><\/div>\n\t\t\t\t\t\t\t\t\t\t\t\t\t\t<\/a>\n\t\t\t\t\t\t\t<a class=\"e-gallery-item elementor-gallery-item elementor-animated-content\" href=\"https:\/\/bristellaircrafttexas.com\/wp-content\/uploads\/brmaero1406060011us-tb.jpg\" data-elementor-open-lightbox=\"yes\" data-elementor-lightbox-slideshow=\"1e0a3e8\" data-elementor-lightbox-title=\"brmaero1406060011us-tb\" data-e-action-hash=\"#elementor-action%3Aaction%3Dlightbox%26settings%3DeyJpZCI6NTI3LCJ1cmwiOiJodHRwczpcL1wvYnJpc3RlbGxhaXJjcmFmdHRleGFzLmNvbVwvd3AtY29udGVudFwvdXBsb2Fkc1wvYnJtYWVybzE0MDYwNjAwMTF1cy10Yi5qcGciLCJzbGlkZXNob3ciOiIxZTBhM2U4In0%3D\">\n\t\t\t\t\t<div class=\"e-gallery-image elementor-gallery-item__image\" data-thumbnail=\"https:\/\/bristellaircrafttexas.com\/wp-content\/uploads\/brmaero1406060011us-tb.jpg\" data-width=\"830\" data-height=\"553\" aria-label=\"\" role=\"img\" ><\/div>\n\t\t\t\t\t\t\t\t\t\t\t\t\t\t<\/a>\n\t\t\t\t\t\t\t<a class=\"e-gallery-item elementor-gallery-item elementor-animated-content\" href=\"https:\/\/bristellaircrafttexas.com\/wp-content\/uploads\/brmaero1406060050us-tb.jpg\" data-elementor-open-lightbox=\"yes\" data-elementor-lightbox-slideshow=\"1e0a3e8\" data-elementor-lightbox-title=\"brmaero1406060050us-tb\" data-e-action-hash=\"#elementor-action%3Aaction%3Dlightbox%26settings%3DeyJpZCI6NTI4LCJ1cmwiOiJodHRwczpcL1wvYnJpc3RlbGxhaXJjcmFmdHRleGFzLmNvbVwvd3AtY29udGVudFwvdXBsb2Fkc1wvYnJtYWVybzE0MDYwNjAwNTB1cy10Yi5qcGciLCJzbGlkZXNob3ciOiIxZTBhM2U4In0%3D\">\n\t\t\t\t\t<div class=\"e-gallery-image elementor-gallery-item__image\" data-thumbnail=\"https:\/\/bristellaircrafttexas.com\/wp-content\/uploads\/brmaero1406060050us-tb.jpg\" data-width=\"830\" data-height=\"553\" aria-label=\"\" role=\"img\" ><\/div>\n\t\t\t\t\t\t\t\t\t\t\t\t\t\t<\/a>\n\t\t\t\t\t\t\t<a class=\"e-gallery-item elementor-gallery-item elementor-animated-content\" href=\"https:\/\/bristellaircrafttexas.com\/wp-content\/uploads\/brmaero1406060066us-tb.jpg\" data-elementor-open-lightbox=\"yes\" data-elementor-lightbox-slideshow=\"1e0a3e8\" data-elementor-lightbox-title=\"brmaero1406060066us-tb\" data-e-action-hash=\"#elementor-action%3Aaction%3Dlightbox%26settings%3DeyJpZCI6NTI5LCJ1cmwiOiJodHRwczpcL1wvYnJpc3RlbGxhaXJjcmFmdHRleGFzLmNvbVwvd3AtY29udGVudFwvdXBsb2Fkc1wvYnJtYWVybzE0MDYwNjAwNjZ1cy10Yi5qcGciLCJzbGlkZXNob3ciOiIxZTBhM2U4In0%3D\">\n\t\t\t\t\t<div class=\"e-gallery-image elementor-gallery-item__image\" data-thumbnail=\"https:\/\/bristellaircrafttexas.com\/wp-content\/uploads\/brmaero1406060066us-tb.jpg\" data-width=\"830\" data-height=\"553\" aria-label=\"\" role=\"img\" ><\/div>\n\t\t\t\t\t\t\t\t\t\t\t\t\t\t<\/a>\n\t\t\t\t\t\t\t<a class=\"e-gallery-item elementor-gallery-item elementor-animated-content\" href=\"https:\/\/bristellaircrafttexas.com\/wp-content\/uploads\/brmaero1406060279us-tb.jpg\" data-elementor-open-lightbox=\"yes\" data-elementor-lightbox-slideshow=\"1e0a3e8\" data-elementor-lightbox-title=\"brmaero1406060279us-tb\" data-e-action-hash=\"#elementor-action%3Aaction%3Dlightbox%26settings%3DeyJpZCI6NTMwLCJ1cmwiOiJodHRwczpcL1wvYnJpc3RlbGxhaXJjcmFmdHRleGFzLmNvbVwvd3AtY29udGVudFwvdXBsb2Fkc1wvYnJtYWVybzE0MDYwNjAyNzl1cy10Yi5qcGciLCJzbGlkZXNob3ciOiIxZTBhM2U4In0%3D\">\n\t\t\t\t\t<div class=\"e-gallery-image elementor-gallery-item__image\" data-thumbnail=\"https:\/\/bristellaircrafttexas.com\/wp-content\/uploads\/brmaero1406060279us-tb.jpg\" data-width=\"830\" data-height=\"553\" aria-label=\"\" role=\"img\" ><\/div>\n\t\t\t\t\t\t\t\t\t\t\t\t\t\t<\/a>\n\t\t\t\t\t\t\t<a class=\"e-gallery-item elementor-gallery-item elementor-animated-content\" href=\"https:\/\/bristellaircrafttexas.com\/wp-content\/uploads\/brmaero1406060310us-tb.jpg\" data-elementor-open-lightbox=\"yes\" data-elementor-lightbox-slideshow=\"1e0a3e8\" data-elementor-lightbox-title=\"brmaero1406060310us-tb\" data-e-action-hash=\"#elementor-action%3Aaction%3Dlightbox%26settings%3DeyJpZCI6NTMxLCJ1cmwiOiJodHRwczpcL1wvYnJpc3RlbGxhaXJjcmFmdHRleGFzLmNvbVwvd3AtY29udGVudFwvdXBsb2Fkc1wvYnJtYWVybzE0MDYwNjAzMTB1cy10Yi5qcGciLCJzbGlkZXNob3ciOiIxZTBhM2U4In0%3D\">\n\t\t\t\t\t<div class=\"e-gallery-image elementor-gallery-item__image\" data-thumbnail=\"https:\/\/bristellaircrafttexas.com\/wp-content\/uploads\/brmaero1406060310us-tb.jpg\" data-width=\"830\" data-height=\"553\" aria-label=\"\" role=\"img\" ><\/div>\n\t\t\t\t\t\t\t\t\t\t\t\t\t\t<\/a>\n\t\t\t\t\t\t\t<a class=\"e-gallery-item elementor-gallery-item elementor-animated-content\" href=\"https:\/\/bristellaircrafttexas.com\/wp-content\/uploads\/sn343-june-21-1us-tb.jpg\" data-elementor-open-lightbox=\"yes\" data-elementor-lightbox-slideshow=\"1e0a3e8\" data-elementor-lightbox-title=\"sn343-june-21-1us-tb\" data-e-action-hash=\"#elementor-action%3Aaction%3Dlightbox%26settings%3DeyJpZCI6NTMyLCJ1cmwiOiJodHRwczpcL1wvYnJpc3RlbGxhaXJjcmFmdHRleGFzLmNvbVwvd3AtY29udGVudFwvdXBsb2Fkc1wvc24zNDMtanVuZS0yMS0xdXMtdGIuanBnIiwic2xpZGVzaG93IjoiMWUwYTNlOCJ9\">\n\t\t\t\t\t<div class=\"e-gallery-image elementor-gallery-item__image\" data-thumbnail=\"https:\/\/bristellaircrafttexas.com\/wp-content\/uploads\/sn343-june-21-1us-tb.jpg\" data-width=\"830\" data-height=\"553\" aria-label=\"\" role=\"img\" ><\/div>\n\t\t\t\t\t\t\t\t\t\t\t\t\t\t<\/a>\n\t\t\t\t\t\t\t<a class=\"e-gallery-item elementor-gallery-item elementor-animated-content\" href=\"https:\/\/bristellaircrafttexas.com\/wp-content\/uploads\/sn343-june-21-2us-tb.jpg\" data-elementor-open-lightbox=\"yes\" data-elementor-lightbox-slideshow=\"1e0a3e8\" data-elementor-lightbox-title=\"sn343-june-21-2us-tb\" data-e-action-hash=\"#elementor-action%3Aaction%3Dlightbox%26settings%3DeyJpZCI6NTMzLCJ1cmwiOiJodHRwczpcL1wvYnJpc3RlbGxhaXJjcmFmdHRleGFzLmNvbVwvd3AtY29udGVudFwvdXBsb2Fkc1wvc24zNDMtanVuZS0yMS0ydXMtdGIuanBnIiwic2xpZGVzaG93IjoiMWUwYTNlOCJ9\">\n\t\t\t\t\t<div class=\"e-gallery-image elementor-gallery-item__image\" data-thumbnail=\"https:\/\/bristellaircrafttexas.com\/wp-content\/uploads\/sn343-june-21-2us-tb.jpg\" data-width=\"830\" data-height=\"553\" aria-label=\"\" role=\"img\" ><\/div>\n\t\t\t\t\t\t\t\t\t\t\t\t\t\t<\/a>\n\t\t\t\t\t<\/div>\n\t\t\t\t\t<\/div>\n\t\t\t\t<\/div>\n\t\t\t\t\t<\/div>\n\t\t\t\t<\/div>\n\t\t<div class=\"elementor-element elementor-element-06e967a e-flex e-con-boxed e-con e-parent\" data-id=\"06e967a\" data-element_type=\"container\" data-settings=\"{&quot;background_background&quot;:&quot;classic&quot;}\">\n\t\t\t\t\t<div class=\"e-con-inner\">\n\t\t<div class=\"elementor-element elementor-element-3114d9f e-con-full e-flex e-con e-child\" data-id=\"3114d9f\" data-element_type=\"container\">\n\t\t\t\t<div class=\"elementor-element elementor-element-70233e8 elementor-widget elementor-widget-heading\" data-id=\"70233e8\" data-element_type=\"widget\" data-widget_type=\"heading.default\">\n\t\t\t\t<div class=\"elementor-widget-container\">\n\t\t\t\t\t<h3 class=\"elementor-heading-title elementor-size-default\">DESCARGAR FOLLETO DE AVIONES BRISTELL\n<\/h3>\t\t\t\t<\/div>\n\t\t\t\t<\/div>\n\t\t\t\t<div class=\"elementor-element elementor-element-8b2b139 elementor-align-center elementor-widget elementor-widget-button\" data-id=\"8b2b139\" data-element_type=\"widget\" data-widget_type=\"button.default\">\n\t\t\t\t<div class=\"elementor-widget-container\">\n\t\t\t\t\t\t\t\t\t<div class=\"elementor-button-wrapper\">\n\t\t\t\t\t<a class=\"elementor-button elementor-button-link elementor-size-sm\" href=\"https:\/\/www.bristell.com\/wp-content\/uploads\/2024\/05\/bristell_brochure_240410_display.pdf\" target=\"_blank\">\n\t\t\t\t\t\t<span class=\"elementor-button-content-wrapper\">\n\t\t\t\t\t\t\t\t\t<span class=\"elementor-button-text\">DESCARGAR FOLLETO (PDF 2.5 MB)<\/span>\n\t\t\t\t\t<\/span>\n\t\t\t\t\t<\/a>\n\t\t\t\t<\/div>\n\t\t\t\t\t\t\t\t<\/div>\n\t\t\t\t<\/div>\n\t\t\t\t<\/div>\n\t\t\t\t\t<\/div>\n\t\t\t\t<\/div>\n\t\t<div class=\"elementor-element elementor-element-3aef83f e-con-full e-flex e-con e-parent\" data-id=\"3aef83f\" data-element_type=\"container\">\n\t\t\t\t<div class=\"elementor-element elementor-element-ca89b7f elementor-widget elementor-widget-heading\" data-id=\"ca89b7f\" data-element_type=\"widget\" data-widget_type=\"heading.default\">\n\t\t\t\t<div class=\"elementor-widget-container\">\n\t\t\t\t\t<h3 class=\"elementor-heading-title elementor-size-default\">\u00daLTIMAS NOTICIAS DE BRISTELL\n<\/h3>\t\t\t\t<\/div>\n\t\t\t\t<\/div>\n\t\t\t\t<div class=\"elementor-element elementor-element-06ba33e elementor-grid-4 elementor-posts--align-center elementor-grid-tablet-2 elementor-grid-mobile-1 elementor-posts--thumbnail-top elementor-card-shadow-yes elementor-posts__hover-gradient elementor-widget elementor-widget-posts\" data-id=\"06ba33e\" data-element_type=\"widget\" data-settings=\"{&quot;cards_columns&quot;:&quot;4&quot;,&quot;cards_columns_tablet&quot;:&quot;2&quot;,&quot;cards_columns_mobile&quot;:&quot;1&quot;,&quot;cards_row_gap&quot;:{&quot;unit&quot;:&quot;px&quot;,&quot;size&quot;:35,&quot;sizes&quot;:[]},&quot;cards_row_gap_tablet&quot;:{&quot;unit&quot;:&quot;px&quot;,&quot;size&quot;:&quot;&quot;,&quot;sizes&quot;:[]},&quot;cards_row_gap_mobile&quot;:{&quot;unit&quot;:&quot;px&quot;,&quot;size&quot;:&quot;&quot;,&quot;sizes&quot;:[]}}\" data-widget_type=\"posts.cards\">\n\t\t\t\t<div class=\"elementor-widget-container\">\n\t\t\t\t\t\t\t<div class=\"elementor-posts-container elementor-posts elementor-posts--skin-cards elementor-grid\">\n\t\t\t\t<article class=\"elementor-post elementor-grid-item post-127 post type-post status-publish format-standard has-post-thumbnail hentry category-news category-news-media\">\n\t\t\t<div class=\"elementor-post__card\">\n\t\t\t\t<a class=\"elementor-post__thumbnail__link\" href=\"https:\/\/bristellaircrafttexas.com\/esp\/bristell-b23-912-is-shaping-the-future-of-general-aviation-with-efficiency-and-innovation\/\" tabindex=\"-1\" ><div class=\"elementor-post__thumbnail\"><img fetchpriority=\"high\" decoding=\"async\" width=\"1200\" height=\"800\" src=\"https:\/\/bristellaircrafttexas.com\/wp-content\/uploads\/2025\/03\/bristell-250218-b23-912is-06.jpg\" class=\"attachment-full size-full wp-image-133\" alt=\"\" srcset=\"https:\/\/bristellaircrafttexas.com\/wp-content\/uploads\/2025\/03\/bristell-250218-b23-912is-06.jpg 1200w, https:\/\/bristellaircrafttexas.com\/wp-content\/uploads\/2025\/03\/bristell-250218-b23-912is-06-300x200.jpg 300w, https:\/\/bristellaircrafttexas.com\/wp-content\/uploads\/2025\/03\/bristell-250218-b23-912is-06-1024x683.jpg 1024w, https:\/\/bristellaircrafttexas.com\/wp-content\/uploads\/2025\/03\/bristell-250218-b23-912is-06-768x512.jpg 768w\" sizes=\"(max-width: 1200px) 100vw, 1200px\" \/><\/div><\/a>\n\t\t\t\t<div class=\"elementor-post__badge\">Noticias<\/div>\n\t\t\t\t<div class=\"elementor-post__text\">\n\t\t\t\t<h3 class=\"elementor-post__title\">\n\t\t\t<a href=\"https:\/\/bristellaircrafttexas.com\/esp\/bristell-b23-912-is-shaping-the-future-of-general-aviation-with-efficiency-and-innovation\/\" >\n\t\t\t\tBristell B23-912 is: dando forma al Futuro de la Aviaci\u00f3n General con la Eficiencia y la Innovaci\u00f3n\t\t\t<\/a>\n\t\t<\/h3>\n\t\t\t\t<\/div>\n\t\t\t\t\t<\/div>\n\t\t<\/article>\n\t\t\t\t<article class=\"elementor-post elementor-grid-item post-202 post type-post status-publish format-standard has-post-thumbnail hentry category-news-media category-publications\">\n\t\t\t<div class=\"elementor-post__card\">\n\t\t\t\t<a class=\"elementor-post__thumbnail__link\" href=\"https:\/\/bristellaircrafttexas.com\/esp\/bristell-tdo-in-taildragger-form-the-superb-all-metal-sportsplane\/\" tabindex=\"-1\" ><div class=\"elementor-post__thumbnail\"><img decoding=\"async\" width=\"799\" height=\"1127\" src=\"https:\/\/bristellaircrafttexas.com\/wp-content\/uploads\/Proyecto-nuevo.webp\" class=\"attachment-full size-full wp-image-205\" alt=\"\" srcset=\"https:\/\/bristellaircrafttexas.com\/wp-content\/uploads\/Proyecto-nuevo.webp 799w, https:\/\/bristellaircrafttexas.com\/wp-content\/uploads\/Proyecto-nuevo-768x1083.webp 768w\" sizes=\"(max-width: 799px) 100vw, 799px\" \/><\/div><\/a>\n\t\t\t\t<div class=\"elementor-post__badge\">Noticias Y Medios<\/div>\n\t\t\t\t<div class=\"elementor-post__text\">\n\t\t\t\t<h3 class=\"elementor-post__title\">\n\t\t\t<a href=\"https:\/\/bristellaircrafttexas.com\/esp\/bristell-tdo-in-taildragger-form-the-superb-all-metal-sportsplane\/\" >\n\t\t\t\tBRISTELL TDO: En taildragger forma, el magn\u00edfico avi\u00f3n deportivo totalmente met\u00e1lico\t\t\t<\/a>\n\t\t<\/h3>\n\t\t\t\t<\/div>\n\t\t\t\t\t<\/div>\n\t\t<\/article>\n\t\t\t\t<article class=\"elementor-post elementor-grid-item post-196 post type-post status-publish format-standard has-post-thumbnail hentry category-news-media category-videos\">\n\t\t\t<div class=\"elementor-post__card\">\n\t\t\t\t<a class=\"elementor-post__thumbnail__link\" href=\"https:\/\/bristellaircrafttexas.com\/esp\/bristell-at-rotax-fly-in-2024\/\" tabindex=\"-1\" ><div class=\"elementor-post__thumbnail\"><img decoding=\"async\" width=\"1920\" height=\"800\" src=\"https:\/\/bristellaircrafttexas.com\/wp-content\/uploads\/bristell-blog-rotax-fly-in-2024-01.jpg\" class=\"attachment-full size-full wp-image-197\" alt=\"\" srcset=\"https:\/\/bristellaircrafttexas.com\/wp-content\/uploads\/bristell-blog-rotax-fly-in-2024-01.jpg 1920w, https:\/\/bristellaircrafttexas.com\/wp-content\/uploads\/bristell-blog-rotax-fly-in-2024-01-768x320.jpg 768w, https:\/\/bristellaircrafttexas.com\/wp-content\/uploads\/bristell-blog-rotax-fly-in-2024-01-1536x640.jpg 1536w\" sizes=\"(max-width: 1920px) 100vw, 1920px\" \/><\/div><\/a>\n\t\t\t\t<div class=\"elementor-post__badge\">Noticias Y Medios<\/div>\n\t\t\t\t<div class=\"elementor-post__text\">\n\t\t\t\t<h3 class=\"elementor-post__title\">\n\t\t\t<a href=\"https:\/\/bristellaircrafttexas.com\/esp\/bristell-at-rotax-fly-in-2024\/\" >\n\t\t\t\tBristell en el Rotax Fly-in 2024\t\t\t<\/a>\n\t\t<\/h3>\n\t\t\t\t<\/div>\n\t\t\t\t\t<\/div>\n\t\t<\/article>\n\t\t\t\t<article class=\"elementor-post elementor-grid-item post-185 post type-post status-publish format-standard has-post-thumbnail hentry category-news-media category-photogallery\">\n\t\t\t<div class=\"elementor-post__card\">\n\t\t\t\t<a class=\"elementor-post__thumbnail__link\" href=\"https:\/\/bristellaircrafttexas.com\/esp\/bristell-at-the-aero-friedrichshafen-2022\/\" tabindex=\"-1\" ><div class=\"elementor-post__thumbnail\"><img loading=\"lazy\" decoding=\"async\" width=\"1024\" height=\"684\" src=\"https:\/\/bristellaircrafttexas.com\/wp-content\/uploads\/brmaero2204300044us-1-1024x684-1.jpg\" class=\"attachment-full size-full wp-image-187\" alt=\"\" srcset=\"https:\/\/bristellaircrafttexas.com\/wp-content\/uploads\/brmaero2204300044us-1-1024x684-1.jpg 1024w, https:\/\/bristellaircrafttexas.com\/wp-content\/uploads\/brmaero2204300044us-1-1024x684-1-768x513.jpg 768w\" sizes=\"(max-width: 1024px) 100vw, 1024px\" \/><\/div><\/a>\n\t\t\t\t<div class=\"elementor-post__badge\">Noticias Y Medios<\/div>\n\t\t\t\t<div class=\"elementor-post__text\">\n\t\t\t\t<h3 class=\"elementor-post__title\">\n\t\t\t<a href=\"https:\/\/bristellaircrafttexas.com\/esp\/bristell-at-the-aero-friedrichshafen-2022\/\" >\n\t\t\t\tBRISTELL en el AERO Friedrichshafen 2022\t\t\t<\/a>\n\t\t<\/h3>\n\t\t\t\t<\/div>\n\t\t\t\t\t<\/div>\n\t\t<\/article>\n\t\t\t\t<\/div>\n\t\t\n\t\t\t\t\t\t<\/div>\n\t\t\t\t<\/div>\n\t\t\t\t<\/div>\n\t\t\t\t<\/div>","protected":false},"excerpt":{"rendered":"<p>BRISTELL TDO has a two-wheel fixed gear undercarriage with a tail wheel &#8211; an ideal airplane for flying enthusiasts. Thanks to the combined comfort of\u00a0good<\/p>","protected":false},"author":1,"featured_media":0,"parent":0,"menu_order":0,"comment_status":"closed","ping_status":"closed","template":"","meta":{"footnotes":""},"class_list":["post-524","page","type-page","status-publish","hentry"],"_links":{"self":[{"href":"https:\/\/bristellaircrafttexas.com\/esp\/wp-json\/wp\/v2\/pages\/524","targetHints":{"allow":["GET"]}}],"collection":[{"href":"https:\/\/bristellaircrafttexas.com\/esp\/wp-json\/wp\/v2\/pages"}],"about":[{"href":"https:\/\/bristellaircrafttexas.com\/esp\/wp-json\/wp\/v2\/types\/page"}],"author":[{"embeddable":true,"href":"https:\/\/bristellaircrafttexas.com\/esp\/wp-json\/wp\/v2\/users\/1"}],"replies":[{"embeddable":true,"href":"https:\/\/bristellaircrafttexas.com\/esp\/wp-json\/wp\/v2\/comments?post=524"}],"version-history":[{"count":31,"href":"https:\/\/bristellaircrafttexas.com\/esp\/wp-json\/wp\/v2\/pages\/524\/revisions"}],"predecessor-version":[{"id":807,"href":"https:\/\/bristellaircrafttexas.com\/esp\/wp-json\/wp\/v2\/pages\/524\/revisions\/807"}],"wp:attachment":[{"href":"https:\/\/bristellaircrafttexas.com\/esp\/wp-json\/wp\/v2\/media?parent=524"}],"curies":[{"name":"wp","href":"https:\/\/api.w.org\/{rel}","templated":true}]}}